{"id":381,"date":"2012-05-16T11:48:13","date_gmt":"2012-05-16T10:48:13","guid":{"rendered":"http:\/\/www.gerard-guy.fr\/wp\/?page_id=381"},"modified":"2023-04-21T17:29:13","modified_gmt":"2023-04-21T16:29:13","slug":"biographie-et-contact","status":"publish","type":"page","link":"https:\/\/www.gerard-guy.fr\/wp\/?page_id=381","title":{"rendered":"Biographie et contact"},"content":{"rendered":"<script>fsg_json['fsg_post_381'] = [\n{id: 1067, image: 'http:\/\/www.gerard-guy.fr\/wp\/wp-content\/uploads\/2022\/01\/DSC_6174-2.jpg', extlink: '', thumb: 'https:\/\/www.gerard-guy.fr\/wp\/wp-content\/uploads\/2022\/01\/DSC_6174-2-150x150.jpg', permalink: '<div class=\"galleria-layeritem\"><a title=\"Permalink\" href=\"https:\/\/www.gerard-guy.fr\/wp\/?attachment_id=1067#0\"><div class=\"galleria-link-bookmark\"><\/div><\/a><\/div>', layer: '<div class=\"galleria-infolayer\"><div class=\"galleria-layeritem\" style=\"padding-right: 20px;\"><h1>DSC_6174-2<\/h1><\/div><div class=\"galleria-layeritem\"><a title=\"Permalink\" href=\"https:\/\/www.gerard-guy.fr\/wp\/?attachment_id=1067#0\"><div class=\"galleria-link-bookmark\"><\/div><\/a><\/div><div class=\"galleria-layeritem\" style=\"padding-right: 20px;\"><\/div>'}\n];<\/script>\n<p><strong><a href=\"http:\/\/www.gerard-guy.fr\/wp\/wp-content\/uploads\/2012\/03\/DSC_7715.jpg\"><img loading=\"lazy\" decoding=\"async\" class=\"alignright size-medium wp-image-371\" src=\"http:\/\/www.gerard-guy.fr\/wp\/wp-content\/uploads\/2012\/03\/DSC_7715-300x199.jpg\" alt=\"\" width=\"300\" height=\"199\" srcset=\"https:\/\/www.gerard-guy.fr\/wp\/wp-content\/uploads\/2012\/03\/DSC_7715-300x199.jpg 300w, https:\/\/www.gerard-guy.fr\/wp\/wp-content\/uploads\/2012\/03\/DSC_7715-1024x679.jpg 1024w, https:\/\/www.gerard-guy.fr\/wp\/wp-content\/uploads\/2012\/03\/DSC_7715-120x80.jpg 120w, https:\/\/www.gerard-guy.fr\/wp\/wp-content\/uploads\/2012\/03\/DSC_7715.jpg 2000w\" sizes=\"(max-width: 300px) 100vw, 300px\" \/><\/a>G\u00e9rard GUY \u2013 SCULPTEUR<\/strong><\/p>\n<p>273, chemin Chambard\u00a0 01310 POLLIAT<br \/>\ntel : 04 74 51 63 18<br \/>\nport : 06 47 83 85 30<br \/>\n<a href=\"mailto:gerard.guy10@wanadoo.fr\">gerard.guy10@wanadoo.fr<\/a><br \/>\nn\u00b0siret 427 465 273<br \/>\nMaison des Artistes de Paris n\u00b0 G 351788<\/p>\n<p><strong><em><a href=\"http:\/\/www.gerard-guy.fr\/wp\/wp-content\/uploads\/2012\/03\/DSC_8145.jpg\"><img loading=\"lazy\" decoding=\"async\" class=\"size-medium wp-image-313 alignright\" src=\"http:\/\/www.gerard-guy.fr\/wp\/wp-content\/uploads\/2012\/03\/DSC_8145-199x300.jpg\" alt=\"\" width=\"199\" height=\"300\" srcset=\"https:\/\/www.gerard-guy.fr\/wp\/wp-content\/uploads\/2012\/03\/DSC_8145-199x300.jpg 199w, https:\/\/www.gerard-guy.fr\/wp\/wp-content\/uploads\/2012\/03\/DSC_8145-680x1024.jpg 680w\" sizes=\"(max-width: 199px) 100vw, 199px\" \/><\/a>Formation \u00e0 l\u2019Ecole R\u00e9gionale des Beaux Arts de M\u00e2con (71)<\/em><\/strong><\/p>\n<p><strong><em>Expositions\u00a0collectives:<\/em><\/strong><br \/>\n<strong>1997<\/strong>\u00a0 prix du LION\u2019S CLUB au salon de BOURG en BRESSE (01)<br \/>\n<strong>1998<\/strong>\u00a0 1<sup>er<\/sup> prix de sculpture au salon de CHATEAU-ARNOUX (04)<br \/>\n<strong>2002<\/strong>\u00a0 prix de la cr\u00e9ation contemporaine au salon de M\u00c2CON (71)<br \/>\n<strong>2008\u00a0 <\/strong>prix \u00e0 l\u2019exposition R\u00e9cup\u2019Art de la ville d\u2019Annecy (74)<\/p>\n<p><strong><em><br \/>\nExpositions<\/em><\/strong> <strong><em>personnelles\u00a0:<\/em><\/strong><\/p>\n<p>&#8211; Centre d\u2019Art Contemporain de LACOUX (01)<br \/>\n&#8211; Alliance Fran\u00e7aise de SZEGED (Hongrie)<br \/>\n<img loading=\"lazy\" decoding=\"async\" class=\"size-medium wp-image-305 alignright\" src=\"http:\/\/www.gerard-guy.fr\/wp\/wp-content\/uploads\/2012\/03\/DSC_5514-300x199.jpg\" alt=\"\" width=\"300\" height=\"199\" srcset=\"https:\/\/www.gerard-guy.fr\/wp\/wp-content\/uploads\/2012\/03\/DSC_5514-300x199.jpg 300w, https:\/\/www.gerard-guy.fr\/wp\/wp-content\/uploads\/2012\/03\/DSC_5514-1024x680.jpg 1024w, https:\/\/www.gerard-guy.fr\/wp\/wp-content\/uploads\/2012\/03\/DSC_5514-120x80.jpg 120w\" sizes=\"(max-width: 300px) 100vw, 300px\" \/>&#8211; Galerie des Granges\u00a0 \u00e0 LYON (69)<br \/>\n&#8211; Galerie du Quai \u00e0 St RAMBERT en BUGEY (01)<br \/>\n&#8211; Galerie du Conseil R\u00e9gional \u00e0\u00a0 BOURG en BRESSE (01<em>)<br \/>\n<\/em>&#8211; Centre culturel de Chatillon sur Chalaronne (01)<br \/>\n<i>&#8211; Ch\u00e2teau de Chasselas (71) en 2011<br \/>\n<\/i>&#8211; Maison du Festival de th\u00e9\u00e2tre \u00e0 Hauteville (01) en 2012<br \/>\n&#8211; Hopital de Fleyriat \u00e0 Bourg-en-Bresse (01) en 2019<br \/>\n&#8211; Atelier des Savoir-Faire \u00e0 Ravilloles (39) en 2021<br \/>\n&#8211; Cellier des Ursulines \u00e0 Thoissey (01140) en 2023<\/p>\n<p><strong><em><br \/>\nR\u00e9alisations\u00a0:<\/em><\/strong><\/p>\n<p><a data-postid=\"fsg_post_381\" data-imgid=\"1067\" href=\"http:\/\/www.gerard-guy.fr\/wp\/wp-content\/uploads\/2022\/01\/DSC_6174-2.jpg\"><img loading=\"lazy\" decoding=\"async\" class=\"size-medium wp-image-1067 alignleft\" src=\"http:\/\/www.gerard-guy.fr\/wp\/wp-content\/uploads\/2022\/01\/DSC_6174-2-300x200.jpg\" alt=\"\" width=\"300\" height=\"200\" srcset=\"https:\/\/www.gerard-guy.fr\/wp\/wp-content\/uploads\/2022\/01\/DSC_6174-2-300x200.jpg 300w, https:\/\/www.gerard-guy.fr\/wp\/wp-content\/uploads\/2022\/01\/DSC_6174-2-1024x683.jpg 1024w, https:\/\/www.gerard-guy.fr\/wp\/wp-content\/uploads\/2022\/01\/DSC_6174-2-768x512.jpg 768w, https:\/\/www.gerard-guy.fr\/wp\/wp-content\/uploads\/2022\/01\/DSC_6174-2-150x100.jpg 150w, https:\/\/www.gerard-guy.fr\/wp\/wp-content\/uploads\/2022\/01\/DSC_6174-2-400x267.jpg 400w, https:\/\/www.gerard-guy.fr\/wp\/wp-content\/uploads\/2022\/01\/DSC_6174-2.jpg 1181w\" sizes=\"(max-width: 300px) 100vw, 300px\" \/><\/a>&#8211; \u00ab\u00a0TRAFIC\u00a0\u00bb relief en tubes d&rsquo;acier pour le hall d&rsquo;un immeuble \u00e0 Tassin la demi-lune (69)<br \/>\n&#8211; \u00ab\u00a0LA TOUR\u00a0\u00bb sculpture en fer \u00e0 b\u00e9ton pour le si\u00e8ge de l&rsquo;entreprise MURE \u00e0 Lyon (69)<br \/>\n&#8211; \u00ab\u00a0LE LABOUREUR\u00a0\u00bb relief en pierre pour le sentier \u00ab\u00a0M\u00e9moire de Pierre\u00a0\u00bb \u00e0 Roissiat (01)<br \/>\n&#8211; \u00ab\u00a0LA PORTE DE LA PAIX\u00a0\u00bb monument en pierre de Lens \u00e0 Replonges (01)<br \/>\n&#8211; \u00ab\u00a0L&rsquo;HOMME ET SA SANT\u00c9\u00a0\u00bb monument en pierre de Lens pour SOLVAY-PHARMA \u00e0 Ch\u00e2tillon sur Chalaronne (01)<br \/>\n&#8211; \u00ab\u00a0TERRE SOLIDAIRE\u00a0\u00bb &#8211; acier &#8211; pour la journ\u00e9e europ\u00e9enne de la solidarit\u00e9 \u00e0 Amb\u00e9rieu en Bugey (01)<br \/>\n&#8211; Monument \u00e0 Raymond Dumay &#8211; pierre et bronze &#8211; \u00e0 Replonges (01)<br \/>\n&#8211; 2 sculptures monumentales en acier et terre cuite pour le parc de l&rsquo;EHPAD Emile P\u00e9lican \u00e0 Bourg-en-Bresse (01)<br \/>\n&#8211; Troph\u00e9e en bronze pour le \u00ab\u00a0Grand Fond Bressan\u00a0\u00bb \u00e0 Bourg-en-Bresse (01)<\/p>\n<p><strong><em>Installations\u00a0:<\/em><\/strong><\/p>\n<p><img loading=\"lazy\" decoding=\"async\" class=\"alignleft wp-image-1066 size-medium\" src=\"http:\/\/www.gerard-guy.fr\/wp\/wp-content\/uploads\/2022\/01\/05052017-DSC_1251-300x200.jpg\" alt=\"\" width=\"300\" height=\"200\" srcset=\"https:\/\/www.gerard-guy.fr\/wp\/wp-content\/uploads\/2022\/01\/05052017-DSC_1251-300x200.jpg 300w, https:\/\/www.gerard-guy.fr\/wp\/wp-content\/uploads\/2022\/01\/05052017-DSC_1251-1024x683.jpg 1024w, https:\/\/www.gerard-guy.fr\/wp\/wp-content\/uploads\/2022\/01\/05052017-DSC_1251-768x512.jpg 768w, https:\/\/www.gerard-guy.fr\/wp\/wp-content\/uploads\/2022\/01\/05052017-DSC_1251-150x100.jpg 150w, https:\/\/www.gerard-guy.fr\/wp\/wp-content\/uploads\/2022\/01\/05052017-DSC_1251-400x267.jpg 400w, https:\/\/www.gerard-guy.fr\/wp\/wp-content\/uploads\/2022\/01\/05052017-DSC_1251.jpg 1181w\" sizes=\"(max-width: 300px) 100vw, 300px\" \/><strong>2006<\/strong> Floralies de Bourg en Bresse (80 m2)<br \/>\n<strong>2009<\/strong> Floralies de Bourg en Bresse (150m2)<br \/>\n<strong>2011<\/strong> Chapelle du Centre Psychoth\u00e9rapique de l\u2019Ain (120 m2)<br \/>\n<strong>2012<\/strong> \u00ab\u00a0Femmes\u00a0\u00bb pour le festival de th\u00e9\u00e2tre d&rsquo;Hauteville (180 m2)<br \/>\n<strong>2016<\/strong> \u00ab\u00a0Bas les masques\u00a0\u00bb Chapelle des J\u00e9suites Bourg-en-Bresse (150 m2)<br \/>\n<strong>2017<\/strong> \u00ab\u00a0La folie des Dieux\u00a0\u00bb pour les estivales de Brou &#8211; H2M \u00e0 Bourg-en-Bresse (400 m2)<br \/>\n<strong>2019<\/strong> \u00ab\u00a0La Vague\u00a0\u00bb (4000 bouteilles en plastique) &#8211; Floralies de Bourg-en-Bresse (80 m2)<\/p>\n","protected":false},"excerpt":{"rendered":"<p>G\u00e9rard GUY \u2013 SCULPTEUR 273, chemin Chambard\u00a0 01310 POLLIAT tel : 04 74 51 63 18 port : 06 47 83 85 30 gerard.guy10@wanadoo.fr n\u00b0siret 427 465 273 Maison des Artistes de Paris n\u00b0 G 351788 Formation \u00e0 l\u2019Ecole R\u00e9gionale des Beaux Arts de M\u00e2con (71) Expositions\u00a0collectives: 1997\u00a0 prix du \u2026 <a class=\"continue-reading-link\" href=\"https:\/\/www.gerard-guy.fr\/wp\/?page_id=381\"> Continue reading <span class=\"meta-nav\">&rarr; <\/span><\/a><\/p>\n","protected":false},"author":1,"featured_media":0,"parent":0,"menu_order":0,"comment_status":"closed","ping_status":"closed","template":"","meta":{"footnotes":""},"_links":{"self":[{"href":"https:\/\/www.gerard-guy.fr\/wp\/index.php?rest_route=\/wp\/v2\/pages\/381"}],"collection":[{"href":"https:\/\/www.gerard-guy.fr\/wp\/index.php?rest_route=\/wp\/v2\/pages"}],"about":[{"href":"https:\/\/www.gerard-guy.fr\/wp\/index.php?rest_route=\/wp\/v2\/types\/page"}],"author":[{"embeddable":true,"href":"https:\/\/www.gerard-guy.fr\/wp\/index.php?rest_route=\/wp\/v2\/users\/1"}],"replies":[{"embeddable":true,"href":"https:\/\/www.gerard-guy.fr\/wp\/index.php?rest_route=%2Fwp%2Fv2%2Fcomments&post=381"}],"version-history":[{"count":32,"href":"https:\/\/www.gerard-guy.fr\/wp\/index.php?rest_route=\/wp\/v2\/pages\/381\/revisions"}],"predecessor-version":[{"id":1136,"href":"https:\/\/www.gerard-guy.fr\/wp\/index.php?rest_route=\/wp\/v2\/pages\/381\/revisions\/1136"}],"wp:attachment":[{"href":"https:\/\/www.gerard-guy.fr\/wp\/index.php?rest_route=%2Fwp%2Fv2%2Fmedia&parent=381"}],"curies":[{"name":"wp","href":"https:\/\/api.w.org\/{rel}","templated":true}]}}